{"id":121,"date":"2024-10-02T00:08:08","date_gmt":"2024-10-02T00:08:08","guid":{"rendered":"https:\/\/dekamakine.com.tr\/?page_id=121"},"modified":"2025-10-21T08:16:53","modified_gmt":"2025-10-21T08:16:53","slug":"makineler","status":"publish","type":"page","link":"https:\/\/dekamakine.com.tr\/en\/makineler\/","title":{"rendered":"Machinery"},"content":{"rendered":"<div data-elementor-type=\"wp-page\" data-elementor-id=\"121\" class=\"elementor elementor-121\" data-elementor-settings=\"{&quot;ha_cmc_init_switcher&quot;:&quot;no&quot;}\" data-elementor-post-type=\"page\">\n\t\t\t\t\t\t<section class=\"elementor-section elementor-top-section elementor-element elementor-element-3cdb8f1 elementor-section-boxed elementor-section-height-default elementor-section-height-default\" data-id=\"3cdb8f1\" data-element_type=\"section\" data-e-type=\"section\" data-settings=\"{&quot;_ha_eqh_enable&quot;:false}\">\n\t\t\t\t\t\t<div class=\"elementor-container elementor-column-gap-default\">\n\t\t\t\t\t<div class=\"elementor-column elementor-col-100 elementor-top-column elementor-element elementor-element-a4b5c9a\" data-id=\"a4b5c9a\" data-element_type=\"column\" data-e-type=\"column\">\n\t\t\t<div class=\"elementor-widget-wrap elementor-element-populated\">\n\t\t\t\t\t\t<div class=\"elementor-element elementor-element-1a1ce7e2 elementor-invisible elementor-widget elementor-widget-heading\" data-id=\"1a1ce7e2\" data-element_type=\"widget\" data-e-type=\"widget\" data-settings=\"{&quot;_animation&quot;:&quot;fadeInUp&quot;}\" data-widget_type=\"heading.default\">\n\t\t\t\t\t<h2 class=\"elementor-heading-title elementor-size-default\">DEKA MAK\u0130NE<\/h2>\t\t\t\t<\/div>\n\t\t\t\t<div class=\"elementor-element elementor-element-6911dde8 elementor-widget elementor-widget-heading\" data-id=\"6911dde8\" data-element_type=\"widget\" data-e-type=\"widget\" data-widget_type=\"heading.default\">\n\t\t\t\t\t<h2 class=\"elementor-heading-title elementor-size-default\">High Quality, Excellent Performance<\/h2>\t\t\t\t<\/div>\n\t\t\t\t<div class=\"elementor-element elementor-element-5110707b elementor-widget__width-initial elementor-widget-mobile__width-inherit elementor-widget elementor-widget-text-editor\" data-id=\"5110707b\" data-element_type=\"widget\" data-e-type=\"widget\" data-widget_type=\"text-editor.default\">\n\t\t\t\t\t\t\t\t\t<p>Deka Makine offers a wide range of products for the glass industry. With glass cutting, drilling, and automated production systems, we provide solutions tailored to every project. Increase your efficiency and optimize your production processes with our innovative technologies!<\/p>\t\t\t\t\t\t\t\t<\/div>\n\t\t\t\t\t<\/div>\n\t\t<\/div>\n\t\t\t\t\t<\/div>\n\t\t<\/section>\n\t\t\t\t<section class=\"elementor-section elementor-top-section elementor-element elementor-element-18c30624 elementor-section-boxed elementor-section-height-default elementor-section-height-default\" data-id=\"18c30624\" data-element_type=\"section\" data-e-type=\"section\" id=\"urunler\" data-settings=\"{&quot;_ha_eqh_enable&quot;:false}\">\n\t\t\t\t\t\t<div class=\"elementor-container elementor-column-gap-default\">\n\t\t\t\t\t<div class=\"elementor-column elementor-col-100 elementor-top-column elementor-element elementor-element-155e5b6b\" data-id=\"155e5b6b\" data-element_type=\"column\" data-e-type=\"column\">\n\t\t\t<div class=\"elementor-widget-wrap elementor-element-populated\">\n\t\t\t\t\t\t<section class=\"elementor-section elementor-inner-section elementor-element elementor-element-7a58b7e7 elementor-section-boxed elementor-section-height-default elementor-section-height-default\" data-id=\"7a58b7e7\" data-element_type=\"section\" data-e-type=\"section\" data-settings=\"{&quot;_ha_eqh_enable&quot;:false}\">\n\t\t\t\t\t\t<div class=\"elementor-container elementor-column-gap-default\">\n\t\t\t\t\t<div data-ha-element-link=\"{&quot;url&quot;:&quot;https:\\\/\\\/dekamakine.com.tr\\\/dd6-dik-delik-makinesi\\\/&quot;,&quot;is_external&quot;:&quot;&quot;,&quot;nofollow&quot;:&quot;&quot;}\" style=\"cursor: pointer\" class=\"elementor-column elementor-col-25 elementor-inner-column elementor-element elementor-element-1a18b59c elementor-invisible\" data-id=\"1a18b59c\" data-element_type=\"column\" data-e-type=\"column\" data-settings=\"{&quot;animation&quot;:&quot;fadeInUp&quot;,&quot;animation_delay&quot;:240}\">\n\t\t\t<div class=\"elementor-widget-wrap elementor-element-populated\">\n\t\t\t\t\t\t<div class=\"elementor-element elementor-element-179f8122 elementor-widget elementor-widget-heading\" data-id=\"179f8122\" data-element_type=\"widget\" data-e-type=\"widget\" data-widget_type=\"heading.default\">\n\t\t\t\t\t<h2 class=\"elementor-heading-title elementor-size-default\">DD6 SERIES<\/h2>\t\t\t\t<\/div>\n\t\t\t\t<div class=\"elementor-element elementor-element-42e91164 elementor-widget-divider--view-line elementor-invisible elementor-widget elementor-widget-divider\" data-id=\"42e91164\" data-element_type=\"widget\" data-e-type=\"widget\" data-settings=\"{&quot;_animation&quot;:&quot;fadeIn&quot;,&quot;_animation_delay&quot;:720}\" data-widget_type=\"divider.default\">\n\t\t\t\t\t\t\t<div class=\"elementor-divider\">\n\t\t\t<span class=\"elementor-divider-separator\">\n\t\t\t\t\t\t<\/span>\n\t\t<\/div>\n\t\t\t\t\t\t<\/div>\n\t\t\t\t<div class=\"elementor-element elementor-element-558a46b3 elementor-widget elementor-widget-image\" data-id=\"558a46b3\" data-element_type=\"widget\" data-e-type=\"widget\" data-widget_type=\"image.default\">\n\t\t\t\t\t\t\t\t\t\t\t\t\t\t\t\t<a href=\"https:\/\/dekamakine.com.tr\/en\/dd6-vertial-cnc-drilling-machine\/\">\n\t\t\t\t\t\t\t<img fetchpriority=\"high\" decoding=\"async\" width=\"1600\" height=\"901\" src=\"https:\/\/dekamakine.com.tr\/wp-content\/uploads\/2024\/12\/DD6.35-e1735027753203.png\" class=\"attachment-full size-full wp-image-864\" alt=\"\" \/>\t\t\t\t\t\t\t\t<\/a>\n\t\t\t\t\t\t\t\t\t\t\t\t\t\t\t<\/div>\n\t\t\t\t\t<\/div>\n\t\t<\/div>\n\t\t\t\t<div data-ha-element-link=\"{&quot;url&quot;:&quot;https:\\\/\\\/dekamakine.com.tr\\\/dkdt-dik-taslama-makinesi\\\/&quot;,&quot;is_external&quot;:&quot;&quot;,&quot;nofollow&quot;:&quot;&quot;}\" style=\"cursor: pointer\" class=\"elementor-column elementor-col-25 elementor-inner-column elementor-element elementor-element-46abf54a elementor-invisible\" data-id=\"46abf54a\" data-element_type=\"column\" data-e-type=\"column\" data-settings=\"{&quot;animation&quot;:&quot;fadeInUp&quot;}\">\n\t\t\t<div class=\"elementor-widget-wrap elementor-element-populated\">\n\t\t\t\t\t\t<div class=\"elementor-element elementor-element-40782f3f elementor-widget elementor-widget-heading\" data-id=\"40782f3f\" data-element_type=\"widget\" data-e-type=\"widget\" data-widget_type=\"heading.default\">\n\t\t\t\t\t<h2 class=\"elementor-heading-title elementor-size-default\">DKDT SERIES<\/h2>\t\t\t\t<\/div>\n\t\t\t\t<div class=\"elementor-element elementor-element-30ce5cf2 elementor-widget-divider--view-line elementor-invisible elementor-widget elementor-widget-divider\" data-id=\"30ce5cf2\" data-element_type=\"widget\" data-e-type=\"widget\" data-settings=\"{&quot;_animation&quot;:&quot;fadeIn&quot;,&quot;_animation_delay&quot;:720}\" data-widget_type=\"divider.default\">\n\t\t\t\t\t\t\t<div class=\"elementor-divider\">\n\t\t\t<span class=\"elementor-divider-separator\">\n\t\t\t\t\t\t<\/span>\n\t\t<\/div>\n\t\t\t\t\t\t<\/div>\n\t\t\t\t<div class=\"elementor-element elementor-element-3af6c75d elementor-widget elementor-widget-image\" data-id=\"3af6c75d\" data-element_type=\"widget\" data-e-type=\"widget\" data-widget_type=\"image.default\">\n\t\t\t\t\t\t\t\t\t\t\t\t\t\t\t\t<a href=\"https:\/\/dekamakine.com.tr\/en\/dkdt-vertical-seaming-grinding-machine\/\">\n\t\t\t\t\t\t\t<img decoding=\"async\" width=\"1600\" height=\"901\" src=\"https:\/\/dekamakine.com.tr\/wp-content\/uploads\/2024\/12\/DKDT-25.27-e1735027613297.png\" class=\"attachment-full size-full wp-image-902\" alt=\"\" \/>\t\t\t\t\t\t\t\t<\/a>\n\t\t\t\t\t\t\t\t\t\t\t\t\t\t\t<\/div>\n\t\t\t\t\t<\/div>\n\t\t<\/div>\n\t\t\t\t<div data-ha-element-link=\"{&quot;url&quot;:&quot;https:\\\/\\\/dekamakine.com.tr\\\/fsr-dik-cnc-isleme-merkezi\\\/&quot;,&quot;is_external&quot;:&quot;&quot;,&quot;nofollow&quot;:&quot;&quot;}\" style=\"cursor: pointer\" class=\"elementor-column elementor-col-25 elementor-inner-column elementor-element elementor-element-30186d6e elementor-invisible\" data-id=\"30186d6e\" data-element_type=\"column\" data-e-type=\"column\" data-settings=\"{&quot;animation&quot;:&quot;fadeInUp&quot;}\">\n\t\t\t<div class=\"elementor-widget-wrap elementor-element-populated\">\n\t\t\t\t\t\t<div class=\"elementor-element elementor-element-391f89a0 elementor-widget elementor-widget-heading\" data-id=\"391f89a0\" data-element_type=\"widget\" data-e-type=\"widget\" data-widget_type=\"heading.default\">\n\t\t\t\t\t<h2 class=\"elementor-heading-title elementor-size-default\">FSR SERIES<\/h2>\t\t\t\t<\/div>\n\t\t\t\t<div class=\"elementor-element elementor-element-5f9fe454 elementor-widget-divider--view-line elementor-invisible elementor-widget elementor-widget-divider\" data-id=\"5f9fe454\" data-element_type=\"widget\" data-e-type=\"widget\" data-settings=\"{&quot;_animation&quot;:&quot;fadeIn&quot;,&quot;_animation_delay&quot;:720}\" data-widget_type=\"divider.default\">\n\t\t\t\t\t\t\t<div class=\"elementor-divider\">\n\t\t\t<span class=\"elementor-divider-separator\">\n\t\t\t\t\t\t<\/span>\n\t\t<\/div>\n\t\t\t\t\t\t<\/div>\n\t\t\t\t<div class=\"elementor-element elementor-element-5a637740 elementor-widget elementor-widget-image\" data-id=\"5a637740\" data-element_type=\"widget\" data-e-type=\"widget\" data-widget_type=\"image.default\">\n\t\t\t\t\t\t\t\t\t\t\t\t\t\t\t\t<a href=\"https:\/\/dekamakine.com.tr\/en\/fsr-vertical-cnc-center\/\">\n\t\t\t\t\t\t\t<img decoding=\"async\" width=\"800\" height=\"449\" src=\"https:\/\/dekamakine.com.tr\/wp-content\/uploads\/2024\/12\/M1.10-1-1024x575.png\" class=\"attachment-large size-large wp-image-1193\" alt=\"\" srcset=\"https:\/\/dekamakine.com.tr\/wp-content\/uploads\/2024\/12\/M1.10-1-1024x575.png 1024w, https:\/\/dekamakine.com.tr\/wp-content\/uploads\/2024\/12\/M1.10-1-300x169.png 300w, https:\/\/dekamakine.com.tr\/wp-content\/uploads\/2024\/12\/M1.10-1-768x432.png 768w, https:\/\/dekamakine.com.tr\/wp-content\/uploads\/2024\/12\/M1.10-1-1536x863.png 1536w, https:\/\/dekamakine.com.tr\/wp-content\/uploads\/2024\/12\/M1.10-1.png 1600w\" sizes=\"(max-width: 800px) 100vw, 800px\" \/>\t\t\t\t\t\t\t\t<\/a>\n\t\t\t\t\t\t\t\t\t\t\t\t\t\t\t<\/div>\n\t\t\t\t\t<\/div>\n\t\t<\/div>\n\t\t\t\t<div data-ha-element-link=\"{&quot;url&quot;:&quot;https:\\\/\\\/dekamakine.com.tr\\\/vgwm-dik-yikama-makinesi\\\/&quot;,&quot;is_external&quot;:&quot;&quot;,&quot;nofollow&quot;:&quot;&quot;}\" style=\"cursor: pointer\" class=\"elementor-column elementor-col-25 elementor-inner-column elementor-element elementor-element-64e02552 elementor-invisible\" data-id=\"64e02552\" data-element_type=\"column\" data-e-type=\"column\" data-settings=\"{&quot;animation&quot;:&quot;fadeInUp&quot;,&quot;animation_delay&quot;:480}\">\n\t\t\t<div class=\"elementor-widget-wrap elementor-element-populated\">\n\t\t\t\t\t\t<div class=\"elementor-element elementor-element-5c939078 elementor-widget elementor-widget-heading\" data-id=\"5c939078\" data-element_type=\"widget\" data-e-type=\"widget\" data-widget_type=\"heading.default\">\n\t\t\t\t\t<h2 class=\"elementor-heading-title elementor-size-default\">VGWM SERIES<\/h2>\t\t\t\t<\/div>\n\t\t\t\t<div class=\"elementor-element elementor-element-19c2193f elementor-widget-divider--view-line elementor-invisible elementor-widget elementor-widget-divider\" data-id=\"19c2193f\" data-element_type=\"widget\" data-e-type=\"widget\" data-settings=\"{&quot;_animation&quot;:&quot;fadeIn&quot;,&quot;_animation_delay&quot;:720}\" data-widget_type=\"divider.default\">\n\t\t\t\t\t\t\t<div class=\"elementor-divider\">\n\t\t\t<span class=\"elementor-divider-separator\">\n\t\t\t\t\t\t<\/span>\n\t\t<\/div>\n\t\t\t\t\t\t<\/div>\n\t\t\t\t<div class=\"elementor-element elementor-element-14c0af12 elementor-widget elementor-widget-image\" data-id=\"14c0af12\" data-element_type=\"widget\" data-e-type=\"widget\" data-widget_type=\"image.default\">\n\t\t\t\t\t\t\t\t\t\t\t\t\t\t\t\t<a href=\"https:\/\/dekamakine.com.tr\/en\/vgwm-vertical-washing-machine\/\">\n\t\t\t\t\t\t\t<img loading=\"lazy\" decoding=\"async\" width=\"800\" height=\"450\" src=\"https:\/\/dekamakine.com.tr\/wp-content\/uploads\/2024\/12\/VGWM-25.38-e1735029861672-1024x576.png\" class=\"attachment-large size-large wp-image-1226\" alt=\"\" srcset=\"https:\/\/dekamakine.com.tr\/wp-content\/uploads\/2024\/12\/VGWM-25.38-e1735029861672-1024x576.png 1024w, https:\/\/dekamakine.com.tr\/wp-content\/uploads\/2024\/12\/VGWM-25.38-e1735029861672-300x169.png 300w, https:\/\/dekamakine.com.tr\/wp-content\/uploads\/2024\/12\/VGWM-25.38-e1735029861672-768x432.png 768w, https:\/\/dekamakine.com.tr\/wp-content\/uploads\/2024\/12\/VGWM-25.38-e1735029861672-1536x864.png 1536w, https:\/\/dekamakine.com.tr\/wp-content\/uploads\/2024\/12\/VGWM-25.38-e1735029861672.png 1600w\" sizes=\"(max-width: 800px) 100vw, 800px\" \/>\t\t\t\t\t\t\t\t<\/a>\n\t\t\t\t\t\t\t\t\t\t\t\t\t\t\t<\/div>\n\t\t\t\t\t<\/div>\n\t\t<\/div>\n\t\t\t\t\t<\/div>\n\t\t<\/section>\n\t\t\t\t\t<\/div>\n\t\t<\/div>\n\t\t\t\t\t<\/div>\n\t\t<\/section>\n\t\t\t\t<\/div>","protected":false},"excerpt":{"rendered":"<p>DE-KA MAK\u0130NE Y\u00fcksek Kalite, M\u00fckemmel Performans Deka Makine, cam end\u00fcstrisine y\u00f6nelik geni\u015f bir \u00fcr\u00fcn yelpazesi sunar. Cam kesim, delik a\u00e7ma ve otomatik \u00fcretim sistemleri ile her projeye uygun \u00e7\u00f6z\u00fcmler sa\u011fl\u0131yoruz. Yenilik\u00e7i teknolojilerimizle verimlili\u011finizi art\u0131r\u0131n ve \u00fcretim s\u00fcre\u00e7lerinizi optimize edin! DD6 D\u0130K DEL\u0130K MAK\u0130NES\u0130 DKDT D\u0130K TA\u015eLAMA MAK\u0130NES\u0130 FSR D\u0130K CNC \u0130\u015eLEME MERKEZ\u0130 VGWM D\u0130K YIKAMA [&hellip;]<\/p>\n","protected":false},"author":1,"featured_media":0,"parent":0,"menu_order":0,"comment_status":"closed","ping_status":"closed","template":"","meta":{"footnotes":""},"class_list":["post-121","page","type-page","status-publish","hentry"],"_links":{"self":[{"href":"https:\/\/dekamakine.com.tr\/en\/wp-json\/wp\/v2\/pages\/121","targetHints":{"allow":["GET"]}}],"collection":[{"href":"https:\/\/dekamakine.com.tr\/en\/wp-json\/wp\/v2\/pages"}],"about":[{"href":"https:\/\/dekamakine.com.tr\/en\/wp-json\/wp\/v2\/types\/page"}],"author":[{"embeddable":true,"href":"https:\/\/dekamakine.com.tr\/en\/wp-json\/wp\/v2\/users\/1"}],"replies":[{"embeddable":true,"href":"https:\/\/dekamakine.com.tr\/en\/wp-json\/wp\/v2\/comments?post=121"}],"version-history":[{"count":0,"href":"https:\/\/dekamakine.com.tr\/en\/wp-json\/wp\/v2\/pages\/121\/revisions"}],"wp:attachment":[{"href":"https:\/\/dekamakine.com.tr\/en\/wp-json\/wp\/v2\/media?parent=121"}],"curies":[{"name":"wp","href":"https:\/\/api.w.org\/{rel}","templated":true}]}}